{"id":22,"date":"2019-06-06T16:16:12","date_gmt":"2019-06-06T14:16:12","guid":{"rendered":"http:\/\/forcis.cerege.fr\/?page_id=22"},"modified":"2026-03-24T08:37:34","modified_gmt":"2026-03-24T07:37:34","slug":"publications","status":"publish","type":"page","link":"https:\/\/forcis.cerege.fr\/?page_id=22","title":{"rendered":"Publications"},"content":{"rendered":"\n<p>de Garidel-Thoron T, Chaabane S, Giraud X, Meilland J, Jonkers L, Kucera M, Brummer G-JA, Grigoratou M, Monteiro FM, Greco M, Mortyn PG, Kuroyanagi A, Howa H, Beaugrand G and Schiebel R (2022) The Foraminiferal Response to Climate Stressors Project: Tracking the Community Response of Planktonic Foraminifera to Historical Climate Change.&nbsp;<em><strong>Front. Mar. Sci<\/strong>., <\/em>9:827962. <a href=\"https:\/\/www.frontiersin.org\/articles\/10.3389\/fmars.2022.827962\/full\">doi: 10.3389\/fmars.2022.827962<\/a><\/p>\n\n\n\n<figure class=\"wp-block-image size-full\"><a href=\"https:\/\/www.frontiersin.org\/articles\/10.3389\/fmars.2022.827962\/full\"><img loading=\"lazy\" decoding=\"async\" width=\"826\" height=\"536\" src=\"https:\/\/forcis.cerege.fr\/wp-content\/uploads\/2022\/05\/Capture-decran-2022-05-23-a-14.39.28.png\" alt=\"\" class=\"wp-image-131\" srcset=\"https:\/\/forcis.cerege.fr\/wp-content\/uploads\/2022\/05\/Capture-decran-2022-05-23-a-14.39.28.png 826w, https:\/\/forcis.cerege.fr\/wp-content\/uploads\/2022\/05\/Capture-decran-2022-05-23-a-14.39.28-300x195.png 300w, https:\/\/forcis.cerege.fr\/wp-content\/uploads\/2022\/05\/Capture-decran-2022-05-23-a-14.39.28-768x498.png 768w\" sizes=\"auto, (max-width: 767px) 89vw, (max-width: 1000px) 54vw, (max-width: 1071px) 543px, 580px\" \/><\/a><\/figure>\n\n\n\n<p>Chaabane, S., de Garidel, T.,&nbsp; Giraud, X., Schiebel, R., Beaugrand, G., Brummer, G-J., Casajus, N., Greco, M., Grigoratou, M., Howa, H., Jonkers, L., Kucera, M., Kuroyanagi, A., Meilland, J., Monteiro, F., Mortyn, G-P., Almogi-Labin, A., Asahi, H., Avnaim-Katav, S., Bassinot, F., Davis, C-V., Field, D-B., Hernandez-Almeida, I., Herut, B., Hosie, G., Howard, W., Jentzen, A., Johns, D-G., keigwin, I., Kitchener, J., Kohfeld, K.E., Lessa, D., Manno, C., Marchant, M., Ofstad, S., Ortiz, J., Post, A., Rigual-Hernandez, A., Rillo, M., Robinson, K., Sagawa, T., Sierro, F., Takahashi, K., Torfstein, A., Venancio, I., Yamasaki, M. and Ziveri, P. <strong>(2023)<\/strong> The FORCIS database: A global census of planktonic Foraminifera from ocean waters. <strong><em>Scientific Data<\/em> <\/strong>10, 354. <a href=\"https:\/\/doi.org\/10.1038\/s41597-023-02264-2 \">https:\/\/doi.org\/10.1038\/s41597-023-02264-2 <\/a><\/p>\n\n\n\n<figure class=\"wp-block-image size-full\"><img loading=\"lazy\" decoding=\"async\" width=\"715\" height=\"543\" src=\"https:\/\/forcis.cerege.fr\/wp-content\/uploads\/2023\/06\/Capture-de\u0301cran-2023-06-04-a\u0300-18.03.48.png\" alt=\"\" class=\"wp-image-215\" srcset=\"https:\/\/forcis.cerege.fr\/wp-content\/uploads\/2023\/06\/Capture-de\u0301cran-2023-06-04-a\u0300-18.03.48.png 715w, https:\/\/forcis.cerege.fr\/wp-content\/uploads\/2023\/06\/Capture-de\u0301cran-2023-06-04-a\u0300-18.03.48-300x228.png 300w\" sizes=\"auto, (max-width: 715px) 100vw, 715px\" \/><\/figure>\n\n\n\n<p>Chaabane, S., de Garidel-Thoron, T., Giraud, X., Meilland, J., Brummer, G-J. A., Jonkers, L., Mortyn, P. G., Greco, M., Casajus, N., Kucera, M., Kuroyanagi, A., Howa, H., Monteiro, M. F., Beaugrand, G. and Schiebel, R. <strong>(<strong>202<\/strong>4)<\/strong> Size normalizing planktonic Foraminifera abundance in the water column. <em><strong>LOM<\/strong><\/em>. <a href=\"https:\/\/doi.org\/10.1002\/lom3.10637\">https:\/\/doi.org\/10.1002\/lom3.10637<\/a><\/p>\n\n\n\n<figure class=\"wp-block-image size-large\"><img loading=\"lazy\" decoding=\"async\" width=\"1024\" height=\"746\" src=\"https:\/\/forcis.cerege.fr\/wp-content\/uploads\/2024\/07\/image-1024x746.png\" alt=\"\" class=\"wp-image-232\" srcset=\"https:\/\/forcis.cerege.fr\/wp-content\/uploads\/2024\/07\/image-1024x746.png 1024w, https:\/\/forcis.cerege.fr\/wp-content\/uploads\/2024\/07\/image-300x219.png 300w, https:\/\/forcis.cerege.fr\/wp-content\/uploads\/2024\/07\/image-768x560.png 768w, https:\/\/forcis.cerege.fr\/wp-content\/uploads\/2024\/07\/image.png 1298w\" sizes=\"auto, (max-width: 767px) 89vw, (max-width: 1000px) 54vw, (max-width: 1071px) 543px, 580px\" \/><\/figure>\n\n\n\n<p>Chaabane, S., de Garidel-Thoron, T., Meilland, J., Sulpis, O., Chalk, T. B., Brummer, G.-J. A., Mortyn, P. G., Giraud, X., Howa, H., Casajus, N., Kuroyanagi, A., Beaugrand, G., &amp; Schiebel, R. <strong>(2024)<\/strong>. Migrating is not enough for modern planktonic foraminifera in a changing ocean. <em><strong>Nature<\/strong><\/em> 636,&nbsp;pages390\u2013396. <a href=\"https:\/\/doi.org\/10.1038\/s41586-024-08191-5 \">https:\/\/doi.org\/10.1038\/s41586-024-08191-5 <\/a><\/p>\n\n\n\n<figure class=\"wp-block-image size-full\"><img loading=\"lazy\" decoding=\"async\" width=\"685\" height=\"432\" src=\"https:\/\/forcis.cerege.fr\/wp-content\/uploads\/2024\/11\/image.png\" alt=\"\" class=\"wp-image-239\" srcset=\"https:\/\/forcis.cerege.fr\/wp-content\/uploads\/2024\/11\/image.png 685w, https:\/\/forcis.cerege.fr\/wp-content\/uploads\/2024\/11\/image-300x189.png 300w\" sizes=\"auto, (max-width: 685px) 100vw, 685px\" \/><\/figure>\n\n\n\n<p>Casajus, N., Greco, M., Chaabane, S. Giraud, X. and&nbsp; de Garidel-Thoron, T. <strong>(2025)<\/strong> forcis: An R client to access the FORCIS database. R package version 1.0.0. <strong><em>rOpenSci<\/em><\/strong>. <a href=\"https:\/\/docs.ropensci.org\/forcis\/\">https:\/\/docs.ropensci.org\/forcis\/<\/a>.<\/p>\n\n\n\n<figure class=\"wp-block-image size-large\"><img loading=\"lazy\" decoding=\"async\" width=\"1024\" height=\"825\" src=\"https:\/\/forcis.cerege.fr\/wp-content\/uploads\/2025\/05\/image-1024x825.png\" alt=\"\" class=\"wp-image-262\" srcset=\"https:\/\/forcis.cerege.fr\/wp-content\/uploads\/2025\/05\/image-1024x825.png 1024w, https:\/\/forcis.cerege.fr\/wp-content\/uploads\/2025\/05\/image-300x242.png 300w, https:\/\/forcis.cerege.fr\/wp-content\/uploads\/2025\/05\/image-768x619.png 768w, https:\/\/forcis.cerege.fr\/wp-content\/uploads\/2025\/05\/image.png 1532w\" sizes=\"auto, (max-width: 767px) 89vw, (max-width: 1000px) 54vw, (max-width: 1071px) 543px, 580px\" \/><\/figure>\n\n\n\n<p>Casajus, N., Greco, M., Chaabane, S. Giraud, X. and&nbsp; de Garidel-Thoron, T. <strong>(2025)<\/strong> forcis: Handle the FORCIS Foraminifera Database. <strong><em>CRAN<\/em><\/strong>. <a href=\"https:\/\/doi.org\/10.32614\/CRAN.package.forcis\">10.32614\/CRAN.package.forcis<\/a>; <a href=\"https:\/\/cran.r-project.org\/web\/packages\/forcis\/index.html\">https:\/\/cran.r-project.org\/web\/packages\/forcis\/index.html<\/a><\/p>\n\n\n\n<figure class=\"wp-block-image size-large\"><img loading=\"lazy\" decoding=\"async\" width=\"1024\" height=\"714\" src=\"https:\/\/forcis.cerege.fr\/wp-content\/uploads\/2025\/06\/image-1-1024x714.png\" alt=\"\" class=\"wp-image-272\" srcset=\"https:\/\/forcis.cerege.fr\/wp-content\/uploads\/2025\/06\/image-1-1024x714.png 1024w, https:\/\/forcis.cerege.fr\/wp-content\/uploads\/2025\/06\/image-1-300x209.png 300w, https:\/\/forcis.cerege.fr\/wp-content\/uploads\/2025\/06\/image-1-768x535.png 768w, https:\/\/forcis.cerege.fr\/wp-content\/uploads\/2025\/06\/image-1.png 1222w\" sizes=\"auto, (max-width: 767px) 89vw, (max-width: 1000px) 54vw, (max-width: 1071px) 543px, 580px\" \/><\/figure>\n\n\n\n<p>Casajus, N., Chaabane, S., Giraud, X., de Garidel-Thoron, T. and Greco, M., <strong>(2025) <\/strong>forcis: An R package for accessing, handling and analysing the FORCIS database. <em><strong>JOSS<\/strong><\/em>. 10(114) 9217. <a href=\"https:\/\/doi.org\/10.21105\/joss.09217\">https:\/\/doi.org\/10.21105\/joss.09217<\/a><\/p>\n\n\n\n<figure class=\"wp-block-image size-large\"><img loading=\"lazy\" decoding=\"async\" width=\"1024\" height=\"478\" src=\"https:\/\/forcis.cerege.fr\/wp-content\/uploads\/2025\/10\/image-1-1024x478.png\" alt=\"\" class=\"wp-image-278\" srcset=\"https:\/\/forcis.cerege.fr\/wp-content\/uploads\/2025\/10\/image-1-1024x478.png 1024w, https:\/\/forcis.cerege.fr\/wp-content\/uploads\/2025\/10\/image-1-300x140.png 300w, https:\/\/forcis.cerege.fr\/wp-content\/uploads\/2025\/10\/image-1-768x358.png 768w, https:\/\/forcis.cerege.fr\/wp-content\/uploads\/2025\/10\/image-1.png 1384w\" sizes=\"auto, (max-width: 767px) 89vw, (max-width: 1000px) 54vw, (max-width: 1071px) 543px, 580px\" \/><\/figure>\n\n\n\n<p>Chaabane, S., Schiebel, R., Brummer, G-J. A., Meilland, J., Mortyn, P. G., Kuroyanagi, A., Giraud, X., Beaugrand, G., Kucera, M., Sulpis, O., Chalk, T. and de Garidel-Thoron, T. <strong>(2026) <\/strong>Reassessment of the global distribution and diversity of modern planktonic Foraminifera from the FORCIS database. <em><em><strong>J. Micropalaeontology<\/strong><\/em><\/em>, 45, 195\u2013217. <a href=\"https:\/\/doi.org\/10.5194\/jm-45-195-2026\">https:\/\/doi.org\/10.5194\/jm-45-195-2026<\/a><\/p>\n\n\n\n<figure class=\"wp-block-image size-large\"><img loading=\"lazy\" decoding=\"async\" width=\"1024\" height=\"646\" src=\"https:\/\/forcis.cerege.fr\/wp-content\/uploads\/2026\/03\/image-1024x646.png\" alt=\"\" class=\"wp-image-298\" srcset=\"https:\/\/forcis.cerege.fr\/wp-content\/uploads\/2026\/03\/image-1024x646.png 1024w, https:\/\/forcis.cerege.fr\/wp-content\/uploads\/2026\/03\/image-300x189.png 300w, https:\/\/forcis.cerege.fr\/wp-content\/uploads\/2026\/03\/image-768x485.png 768w, https:\/\/forcis.cerege.fr\/wp-content\/uploads\/2026\/03\/image.png 1490w\" sizes=\"auto, (max-width: 767px) 89vw, (max-width: 1000px) 54vw, (max-width: 1071px) 543px, 580px\" \/><\/figure>\n\n\n\n<h2 class=\"wp-block-heading has-medium-font-size\"><strong>In preparation\/submitted<\/strong><\/h2>\n\n\n\n<p>Gao, A., Chaabane, S., Beaugrand, G., de Garidel-Thoron, T., Chalk, T.B., Schiebel, R., Meilland, J., and Sulpis, O. Modeling the future ecological niche of modern planktonic Foraminifera.<\/p>\n\n\n\n<p>Meilland &amp; Chaabane al. Evolution of carbon and carbonate standing stock and export fluxes to the deep ocean from planktonic foraminifera using the FORCIS database.<\/p>\n\n\n\n<h2 class=\"wp-block-heading\"><strong>In the News<\/strong><\/h2>\n\n\n\n<p><a href=\"https:\/\/www.washingtonpost.com\/climate-environment\/2024\/11\/13\/plankton-food-study\/\">https:\/\/www.washingtonpost.com\/climate-environment\/2024\/11\/13\/plankton-food-stud<\/a><\/p>\n\n\n\n<p><a href=\"https:\/\/www.lepoint.fr\/environnement\/environnement-comment-le-plancton-lutte-t-il-pour-sa-survie-16-11-2024-2575453_1927.php?lpmc=1731762593\">https:\/\/www.lepoint.fr\/environnement\/environnement-comment-le-plancton-lutte-t-il-pour-sa-survie-16-11-2024-2575453_1927.php?lpmc=1731762593<\/a><\/p>\n\n\n\n<p><a href=\"https:\/\/www.lamarseillaise.fr\/environnement\/en-migrant-vers-les-poles-les-foraminiferes-suivent-une-tendance-generale-DA17246995\">https:\/\/www.lamarseillaise.fr\/environnement\/en-migrant-vers-les-poles-les-foraminiferes-suivent-une-tendance-generale-DA17246995<\/a><\/p>\n\n\n\n<p><a href=\"https:\/\/www.yourweather.co.uk\/news\/science\/marine-organisms-migrate-to-escape-climate-change-but-it-may-not-be-enough-to-save-them.html\">https:\/\/www.yourweather.co.uk\/news\/science\/marine-organisms-migrate-to-escape-climate-change-but-it-may-not-be-enough-to-save-them.html<\/a><\/p>\n\n\n\n<p><a href=\"https:\/\/www.yomiuri.co.jp\/science\/20241120-OYT1T50049\">https:\/\/www.yomiuri.co.jp\/science\/20241120-OYT1T50049<\/a><\/p>\n\n\n\n<h2 class=\"wp-block-heading\"><strong>Conferences<\/strong><\/h2>\n\n\n\n<ol style=\"list-style-type:1\" class=\"wp-block-list\">\n<li>Chaabane, S., de Garidel-Thoron, T., Meilland, J., Sulpis, O., Chalk, T.B., Brummer, G.-J.A., Mortyn, P.G., Giraud, X., Gao, A., Howa, H., Casajus, N., Kuroyanagi, A., Beaugrand, G., Schiebel, R. (2024). Facing the unknown: modern planktonic Foraminifera migration is not enough. 6-9 November 2024, <strong>TMS AGM 2024<\/strong>, Krak\u00f3w, Poland.<\/li>\n\n\n\n<li>Chaabane, S.,<strong><em> <\/em><\/strong>de Garidel-Thoron, T., Giraud, X., Meilland, J., Brummer, G-J. A., Jonkers, L., Mortyn, P. G., Greco, M., Casajus, N., Kucera, M., Kuroyanagi, A., Howa, H., Monteiro, M. F., Beaugrand, G. and Schiebel, R. (2023), Exploring the distribution and diversity of modern planktonic foraminifera under multiple climatic stressors: FORCIS database. 26-30 March 2023, <strong>FORAMS 2023<\/strong>, Perugia, Italy<\/li>\n\n\n\n<li>Chaabane, S., de Garidel-Thoron, T., Giraud, X., Jonkers, L., Meilland, J., Kucera, M., Brummer, G-J. A., Greco, M., Mortyn, P. G., Kuroyanagi, A., Howa, H., Grigoratou, M., Monteiro, M. F., Rillo, M., Beaugrand, G. and Schiebel, R. (<strong>2022<\/strong>), New ecological distribution of the modern planktonic foraminifera: FORCIS database.&nbsp;<strong>14<\/strong>&nbsp;<strong>International Conference on Paleoceanography<\/strong>, 29 August-2<strong>&nbsp;<\/strong>September 2022, Bergen, Norway.<\/li>\n\n\n\n<li>Chaabane, S., de Garidel-Thoron, T., Giraud, X., Jonkers, L., Meilland, J., Kucera, M., Brummer, G-J. A., Greco, M., Mortyn, P. G., Kuroyanagi, A., Howa, H., Grigoratou, M., Monteiro, M. F., Rillo, M., Beaugrand, G. and Schiebel, R. (<strong>2021<\/strong>), Planktonic foraminifer distribution and diversity under the multiple climatic stressors: FORCIS database.&nbsp;<strong>ASLO 2021<\/strong>&nbsp;<strong>Aquatic Sciences Meeting<\/strong>, 21-27<strong>&nbsp;<\/strong>June 2021, United States.<\/li>\n\n\n\n<li>Chaabane, S., de Garidel-Thoron, T., Giraud, X., Jonkers, L., Meilland, J., Kucera, M., Brummer, G-J. A., Greco, M., Mortyn, P. G., Kuroyanagi, A., Howa, H., Grigoratou, M., Monteiro, M. F., Rillo, M., Beaugrand, G. and Schiebel, R. (<strong>2020<\/strong>), Planktonic foraminifera response to climatic changes.&nbsp;<strong>5<sup>th<\/sup>&nbsp;World Conference on Marine Biodiversity<\/strong>, 13-16 December 2020, Auckland, New Zealand.&nbsp;\u27e8hal-03002720\u27e9<\/li>\n\n\n\n<li>Chaabane, S., de Garidel-Thoron, T., Giraud, X., Jonkers, L., Meilland, J., Kucera, M., Brummer, G-J. A., Greco, M., Mortyn, P. G., Kuroyanagi, A., Howa, H., Grigoratou, M., Monteiro, M. F., Rillo, M., Beaugrand, G. and Schiebel, R. (<strong>2020<\/strong>), Assessing the response of planktonic foraminifera biodiversity to multiple climatic stressors (FORCIS database).&nbsp;<strong>AGU Fall Meeting<\/strong>, 1-17 December 2020, Online-Everywhere, United States.&nbsp;\u27e8hal-03002707\u27e9<\/li>\n\n\n\n<li>P. Graham Mortyn, Thibault de Garidel-Thoron, Ralf Schiebel, Gr\u00e9gory Beaugrand, Geert-Jan Brummer, Sonia Chaabane, Xavier Giraud, Mattia Greco, Maria Grigoratou, H\u00e9l\u00e8ne Howa, Pincelli Hull, Lukas Jonkers, Michal Kucera, Azumi Kuroyanagi, Julie Meilland, (<strong>2020<\/strong>), The FORCIS project (Foraminifera Response to Climatic Stress: evaluating biodiversity changes of calcifying zooplankton in response to multiple stressors), and Mediterranean context for the response of planktonic foraminifera.&nbsp;<strong>Ocean Sciences Meeting<\/strong>, 16-21 February 2020, San Diego, United States.&nbsp;\u27e8hal-03002713\u27e9<\/li>\n<\/ol>\n\n\n\n<p>Posters and conference abstracts and details are available on the following link:<\/p>\n\n\n\n<p><a href=\"https:\/\/hal.archives-ouvertes.fr\/search\/index\/?q=forcis&amp;submit=&amp;authIdHal_s=thibault-de-garidel-thoron\">https:\/\/hal.archives-ouvertes.fr\/search\/index\/?q=forcis<\/a><\/p>\n\n\n\n<p><\/p>\n","protected":false},"excerpt":{"rendered":"<p>de Garidel-Thoron T, Chaabane S, Giraud X, Meilland J, Jonkers L, Kucera M, Brummer G-JA, Grigoratou M, Monteiro FM, Greco M, Mortyn PG, Kuroyanagi A, Howa H, Beaugrand G and Schiebel R (2022) The Foraminiferal Response to Climate Stressors Project: Tracking the Community Response of Planktonic Foraminifera to Historical Climate Change.&nbsp;Front. Mar. Sci., 9:827962. doi: &hellip; <\/p>\n<p class=\"link-more\"><a href=\"https:\/\/forcis.cerege.fr\/?page_id=22\" class=\"more-link\">Continue reading<span class=\"screen-reader-text\"> &#8220;Publications&#8221;<\/span><\/a><\/p>\n","protected":false},"author":3,"featured_media":0,"parent":0,"menu_order":0,"comment_status":"closed","ping_status":"closed","template":"","meta":{"footnotes":""},"class_list":["post-22","page","type-page","status-publish","hentry"],"_links":{"self":[{"href":"https:\/\/forcis.cerege.fr\/index.php?rest_route=\/wp\/v2\/pages\/22","targetHints":{"allow":["GET"]}}],"collection":[{"href":"https:\/\/forcis.cerege.fr\/index.php?rest_route=\/wp\/v2\/pages"}],"about":[{"href":"https:\/\/forcis.cerege.fr\/index.php?rest_route=\/wp\/v2\/types\/page"}],"author":[{"embeddable":true,"href":"https:\/\/forcis.cerege.fr\/index.php?rest_route=\/wp\/v2\/users\/3"}],"replies":[{"embeddable":true,"href":"https:\/\/forcis.cerege.fr\/index.php?rest_route=%2Fwp%2Fv2%2Fcomments&post=22"}],"version-history":[{"count":37,"href":"https:\/\/forcis.cerege.fr\/index.php?rest_route=\/wp\/v2\/pages\/22\/revisions"}],"predecessor-version":[{"id":299,"href":"https:\/\/forcis.cerege.fr\/index.php?rest_route=\/wp\/v2\/pages\/22\/revisions\/299"}],"wp:attachment":[{"href":"https:\/\/forcis.cerege.fr\/index.php?rest_route=%2Fwp%2Fv2%2Fmedia&parent=22"}],"curies":[{"name":"wp","href":"https:\/\/api.w.org\/{rel}","templated":true}]}}